{"id":93,"date":"2025-07-10T15:11:39","date_gmt":"2025-07-10T15:11:39","guid":{"rendered":"https:\/\/conciergo.at\/?page_id=93"},"modified":"2025-07-30T20:28:24","modified_gmt":"2025-07-30T20:28:24","slug":"resto","status":"publish","type":"page","link":"https:\/\/conciergo.at\/?page_id=93","title":{"rendered":"Resto"},"content":{"rendered":"\n<p>Die besten \u00d6sterreicher Traditionelle Restaurant und International Spezialit\u00e4ten<\/p>\n\n\n\n<p class=\"has-vivid-red-color has-white-background-color has-text-color has-background has-link-color has-medium-font-size wp-elements-940af971644fc015f4bd8784013831ac\"><strong>\u00d6sterreichischer Restaurant <\/strong><\/p>\n\n\n\n<p><strong>Huth Gastwirtschaft<\/strong><\/p>\n\n\n\n<ul class=\"wp-block-list\">\n<li>Schellinggasse 5 A- 1010&nbsp;Wien<\/li>\n\n\n\n<li><a href=\"https:\/\/www.huth-gastwirtschaft.at\/\" target=\"_blank\" rel=\"noreferrer noopener\">https:\/\/www.huth-gastwirtschaft.at<\/a><\/li>\n\n\n\n<li><a href=\"tel:+43%201%20513%2056%2044\">+43 1 513 56 44<\/a><\/li>\n\n\n\n<li><a href=\"mailto:tisch@huth-gastwirtschaft.at\">tisch@huth-gastwirtschaft.at<\/a><\/li>\n<\/ul>\n\n\n\n<p><strong>Lugeck Figlm\u00fcller Wien<\/strong><\/p>\n\n\n\n<ul class=\"wp-block-list\">\n<li>Lugeck 4 A-1010&nbsp;Wien<\/li>\n\n\n\n<li><a href=\"http:\/\/www.lugeck.com\/\" target=\"_blank\" rel=\"noreferrer noopener\">http:\/\/www.lugeck.com\/<\/a><\/li>\n\n\n\n<li><a href=\"tel:+43%201%20512%2050%2060\">+43 1 512 50 60<\/a><\/li>\n\n\n\n<li><a href=\"mailto:info@lugeck.com\">info@lugeck.com<\/a><\/li>\n<\/ul>\n\n\n\n<p><strong>Restaurant Ofenloch<\/strong><\/p>\n\n\n\n<ul class=\"wp-block-list\">\n<li>Kurrentgasse 8 A-1010&nbsp;Wien<\/li>\n\n\n\n<li><a href=\"http:\/\/www.restaurant-ofenloch.at\/\" target=\"_blank\" rel=\"noreferrer noopener\">http:\/\/www.restaurant-ofenloch.at\/<\/a><\/li>\n\n\n\n<li><a href=\"tel:+43%201%20533%2088%2044\">+43 1 533 88 44<\/a><\/li>\n\n\n\n<li><a href=\"mailto:office@restaurant-ofenloch.at\">office@restaurant-ofenloch.at<\/a><\/li>\n<\/ul>\n\n\n\n<p><strong>Plachutta Wollzeile<\/strong><\/p>\n\n\n\n<ul class=\"wp-block-list\">\n<li>Wollzeile 38A-1010&nbsp;Wien<\/li>\n\n\n\n<li><a href=\"http:\/\/www.plachutta-wollzeile.at\/\" target=\"_blank\" rel=\"noreferrer noopener\">http:\/\/www.plachutta-wollzeile.at<\/a><\/li>\n\n\n\n<li><a href=\"tel:+43%201%20512%2015%2077\">+43 1 512 15 77<\/a><\/li>\n\n\n\n<li><a href=\"mailto:wollzeile@plachutta.at\">wollzeile@plachutta.at<\/a><\/li>\n<\/ul>\n\n\n\n<p><strong>Plachuttas Gasthaus zur Oper<\/strong><\/p>\n\n\n\n<ul class=\"wp-block-list\">\n<li>Walfischgasse 5-7&nbsp; A -1010&nbsp;Wien<\/li>\n\n\n\n<li><a href=\"http:\/\/www.plachutta-oper.at\/\" target=\"_blank\" rel=\"noreferrer noopener\">http:\/\/www.plachutta-oper.at<\/a><\/li>\n\n\n\n<li><a href=\"tel:+43%201%20512%2022%2051\">+43 1 512 22 51<\/a><\/li>\n\n\n\n<li><a href=\"mailto:oper@plachutta.at\">oper@plachutta.at<\/a><\/li>\n<\/ul>\n\n\n\n<p><strong>Vestib\u00fcl<\/strong><\/p>\n\n\n\n<ul class=\"wp-block-list\">\n<li>Burgtheater, Universit\u00e4tsring 2 A-1010&nbsp;Wien<\/li>\n\n\n\n<li><a href=\"http:\/\/www.vestibuel.at\/\" target=\"_blank\" rel=\"noreferrer noopener\">http:\/\/www.vestibuel.at<\/a><\/li>\n\n\n\n<li><a href=\"tel:+43%201%20532%2049%2099\">+43 1 532 49 99<\/a><\/li>\n\n\n\n<li><a href=\"mailto:restaurant@vestibuel.at\">restaurant@vestibuel.at<\/a><\/li>\n<\/ul>\n\n\n\n<p><strong>Weibel&#8217;s Wirtshaus<\/strong><\/p>\n\n\n\n<ul class=\"wp-block-list\">\n<li>Kumpfgasse 2 A-1010&nbsp;Wien<\/li>\n\n\n\n<li><a href=\"http:\/\/www.weibel.at\">http:\/\/www.weibel.at<\/a><\/li>\n\n\n\n<li><a href=\"tel:+43%201%20512%2039%2086\">+43 1 512 39 86<\/a><\/li>\n<\/ul>\n\n\n\n<p><strong>Gasthaus Zu den 3 Hacken.<\/strong><\/p>\n\n\n\n<ul class=\"wp-block-list\">\n<li>Singerstra\u00dfe 28 A-1010&nbsp;Wien<\/li>\n\n\n\n<li><a href=\"https:\/\/www.zuden3hacken.at\/\" target=\"_blank\" rel=\"noreferrer noopener\">https:\/\/www.zuden3hacken.at<\/a><\/li>\n\n\n\n<li><a href=\"tel:+43%201%20512%2058%2095\">+43 1 512 58 95<\/a><\/li>\n\n\n\n<li><a href=\"mailto:gasthaus@zuden3hacken.at\">gasthaus@zuden3hacken.at<\/a><\/li>\n<\/ul>\n\n\n\n<p><strong>Zum Schwarzen Kameel<\/strong><\/p>\n\n\n\n<ul class=\"wp-block-list\">\n<li>Bognergasse 5 A-1010&nbsp;Wien<\/li>\n\n\n\n<li><a href=\"http:\/\/www.kameel.at\/\" target=\"_blank\" rel=\"noreferrer noopener\">http:\/\/www.kameel.at<\/a><\/li>\n\n\n\n<li><a href=\"tel:+43%201%20533%2081%2025%20-%2011\">+43 1 533 81 25 &#8211; 11<\/a><\/li>\n<\/ul>\n\n\n\n<p><strong>Gasthaus Gr\u00fcnauer<\/strong><\/p>\n\n\n\n<ul class=\"wp-block-list\">\n<li>Hermanngasse 32 A-1070&nbsp;Wien<\/li>\n\n\n\n<li><a href=\"http:\/\/www.gasthaus-gruenauer.com\/\" target=\"_blank\" rel=\"noreferrer noopener\">http:\/\/www.gasthaus-gruenauer.com\/<\/a><\/li>\n\n\n\n<li><a href=\"tel:+43%201%2052%2064%20080\">+43 1 52 64 080<\/a><\/li>\n<\/ul>\n\n\n\n<p><strong>Restaurant Fuhrmann<\/strong><\/p>\n\n\n\n<ul class=\"wp-block-list\">\n<li>Fuhrmannsgasse 9 A-1080&nbsp;Wien<\/li>\n\n\n\n<li><a href=\"https:\/\/www.restaurantfuhrmann.com\/\" target=\"_blank\" rel=\"noreferrer noopener\">https:\/\/www.restaurantfuhrmann.com<\/a><\/li>\n\n\n\n<li><a href=\"tel:+43%201%2094%2044%20324\">+43 1 94 44 324<\/a><\/li>\n\n\n\n<li><a href=\"mailto:info@restaurantfuhrmann.com\">info@restaurantfuhrmann.com<\/a><\/li>\n<\/ul>\n\n\n\n<p><strong>Meixners Gastwirtschaft<\/strong><\/p>\n\n\n\n<ul class=\"wp-block-list\">\n<li>Buchengasse 64 A1100&nbsp;Wien<\/li>\n\n\n\n<li><a href=\"http:\/\/www.meixners-gastwirtschaft.at\/\" target=\"_blank\" rel=\"noreferrer noopener\">http:\/\/www.meixners-gastwirtschaft.at\/<\/a><\/li>\n\n\n\n<li><a href=\"tel:+43%201%2060%2042%20710\">+43 1 60 42 710<\/a><\/li>\n<\/ul>\n\n\n\n<p><strong>Plachutta Hietzing<\/strong><\/p>\n\n\n\n<ul class=\"wp-block-list\">\n<li>Auhofstra\u00dfe 1 A-1130&nbsp;Wien<\/li>\n\n\n\n<li><a href=\"http:\/\/www.plachutta-hietzing.at\/\" target=\"_blank\" rel=\"noreferrer noopener\">http:\/\/www.plachutta-hietzing.at<\/a><\/li>\n\n\n\n<li><a href=\"tel:+43%201%20877%2070%2087%200\">+43 1 877 70 87 0<\/a><\/li>\n\n\n\n<li><a href=\"mailto:hietzing@plachutta.at\">hietzing@plachutta.at<\/a><\/li>\n<\/ul>\n\n\n\n<p><strong>Pichlmaiers zum Herkner<\/strong><\/p>\n\n\n\n<ul class=\"wp-block-list\">\n<li>Dornbacher Stra\u00dfe 123 A-1170&nbsp;Wien<\/li>\n\n\n\n<li><a href=\"https:\/\/www.zumherkner.at\/\" target=\"_blank\" rel=\"noreferrer noopener\">https:\/\/www.zumherkner.at<\/a><\/li>\n\n\n\n<li><a href=\"tel:+43%201%20480%2012%2028\">+43 1 480 12 28<\/a><\/li>\n\n\n\n<li><a href=\"mailto:pichlmaiers@zumherkner.at\">pichlmaiers@zumherkner.at<\/a><\/li>\n<\/ul>\n\n\n\n<p><strong>Restaurant Eckel<\/strong><\/p>\n\n\n\n<ul class=\"wp-block-list\">\n<li>Siemeringer Stra\u00dfe 46 A-1190&nbsp;Wien<\/li>\n\n\n\n<li><a href=\"https:\/\/www.restauranteckel.at\/\" target=\"_blank\" rel=\"noreferrer noopener\">https:\/\/www.restauranteckel.at\/<\/a><\/li>\n\n\n\n<li><a href=\"tel:+43%201%2032%2003%20218\">+43 1 32 03 218<\/a><\/li>\n<\/ul>\n\n\n\n<p><strong>Pfarrwirt<\/strong><\/p>\n\n\n\n<ul class=\"wp-block-list\">\n<li>Pfarrplatz 5 A-1190&nbsp;Wien<\/li>\n\n\n\n<li><a href=\"https:\/\/www.pfarrwirt.com\/\" target=\"_blank\" rel=\"noreferrer noopener\">https:\/\/www.pfarrwirt.com<\/a><\/li>\n\n\n\n<li><a href=\"tel:+43%201%20370%2073%2073\">+43 1 370 73 73<\/a><\/li>\n\n\n\n<li><a href=\"mailto:info@pfarrplatz.at\">info@pfarrplatz.at<\/a><\/li>\n<\/ul>\n\n\n\n<p><\/p>\n\n\n\n<p><a href=\"https:\/\/www.viennamarriott-restaurants.com\/garten-cafe\" data-type=\"link\" data-id=\"https:\/\/www.viennamarriott-restaurants.com\/garten-cafe\"><strong>Restaurant Cafe  Garden Marriott<\/strong><\/a><\/p>\n\n\n\n<p>Parkring 12a Wien 1010<\/p>\n\n\n\n<p><\/p>\n\n\n\n<p class=\"has-vivid-red-color has-text-color has-link-color has-large-font-size wp-elements-3c9f05e5118c5105167aaa92e6d5dba8\"><strong>Orientalisch Arabisch Restaurant<\/strong><\/p>\n\n\n\n<p><a href=\"https:\/\/alfayrooz.eu\/\" data-type=\"link\" data-id=\"https:\/\/alfayrooz.eu\/\"><strong>AL Fayrooz Arabian Libanese<\/strong><\/a>    <\/p>\n\n\n\n<p> Universit\u00e4tsring 8 , 1010 Wien<sup data-fn=\"8d4ba6d5-e87f-49cb-8202-b25faa322f1d\" class=\"fn\"><a href=\"#8d4ba6d5-e87f-49cb-8202-b25faa322f1d\" id=\"8d4ba6d5-e87f-49cb-8202-b25faa322f1d-link\">1<\/a><\/sup><\/p>\n\n\n\n<p><br><a href=\"https:\/\/www.elissar.at\/\" data-type=\"link\" data-id=\"https:\/\/www.elissar.at\/\"><strong>Elissar &#8211; Lebanese cuisine<\/strong><\/a>      <\/p>\n\n\n\n<p>Johannesgasse 27, 1010 Wien<\/p>\n\n\n\n<p><\/p>\n\n\n\n<p><br><strong><a href=\"https:\/\/www.alzaytouna.at\/\" data-type=\"link\" data-id=\"https:\/\/www.alzaytouna.at\/\">Al Zaytouna Restaurant<\/a> Oriental \/ Libanese<\/strong><\/p>\n\n\n\n<p>Stubenring 18, 1010 Wien<\/p>\n\n\n\n<p><\/p>\n\n\n\n<p><strong><a href=\"https:\/\/lepearl.at\/\" data-type=\"link\" data-id=\"https:\/\/lepearl.at\/\">Le Pearl Restaurant Arab LIbanese<\/a><\/strong><\/p>\n\n\n\n<p>Radetzkystra\u00dfe 3\/3\/1, 1030 Wien<\/p>\n\n\n\n<p><\/p>\n\n\n\n<p><strong><a href=\"http:\/\/www.lordofs.com\/\" data-type=\"link\" data-id=\"http:\/\/www.lordofs.com\/\">Lord of S &#8211; Restaurant &amp; Shisha Lounge<\/a><\/strong><\/p>\n\n\n\n<p>Liebenberggasse 7, 1010 Wien<\/p>\n\n\n\n<p><\/p>\n\n\n\n<p><strong><a href=\"https:\/\/www.scheschbesch.at\/\" data-type=\"link\" data-id=\"https:\/\/www.scheschbesch.at\/\">Schesch Besch Restaurant<\/a><\/strong><\/p>\n\n\n\n<p>Schwarzenbergstra\u00dfe 4, 1010 Wien<\/p>\n\n\n\n<p><\/p>\n\n\n\n<p><strong><a href=\"https:\/\/www.restaurantbabylon.at\/\" data-type=\"link\" data-id=\"https:\/\/www.restaurantbabylon.at\/\">Restaurant Babylon 3<\/a><\/strong> Arabian <\/p>\n\n\n\n<p>Rennweg 92, 1030 Wien<\/p>\n\n\n\n<p><\/p>\n\n\n\n<p><strong><a href=\"https:\/\/www.lorient.at\/pages\/restaurant\" data-type=\"link\" data-id=\"https:\/\/www.lorient.at\/pages\/restaurant\">L&#8217;ORIENT Restaurant Marokkanisch<\/a><\/strong><\/p>\n\n\n\n<p>Rotensterngasse 22, 1020 Wien<\/p>\n\n\n\n<p><\/p>\n\n\n\n<p><strong>Jasmin Al-Sham Restaurant Arabisch<\/strong> <\/p>\n\n\n\n<p>Heiligenst\u00e4dter Str. 9, 1190 Wien<\/p>\n\n\n\n<p><\/p>\n\n\n\n<p><strong><a href=\"https:\/\/www.orientable.at\/\" data-type=\"link\" data-id=\"https:\/\/www.orientable.at\/\">Restaurant orientable oriental Arab<\/a><\/strong><\/p>\n\n\n\n<p>W\u00e4hringer Str. 154, 1180 Wien<\/p>\n\n\n\n<p><\/p>\n\n\n\n<p>B<strong>ab Al Yemen Restaurant<\/strong><\/p>\n\n\n\n<p>Troststra\u00dfe 60\/62, 1100 Wien<\/p>\n\n\n\n<p><\/p>\n\n\n\n<p class=\"has-vivid-red-color has-text-color has-link-color wp-elements-3f10b4b6118bdeb4d221818bb46ec8a8\"><strong>Kent Restaurants Vienna<\/strong><\/p>\n\n\n\n<p><a href=\"https:\/\/thekentrestaurant.at\/\" data-type=\"link\" data-id=\"https:\/\/thekentrestaurant.at\/\">Kent Restaurant 1010<\/a><\/p>\n\n\n\n<p><a href=\"https:\/\/kentrestaurant.at\/rudolfsheim-fuenfhaus\/\" data-type=\"link\" data-id=\"https:\/\/kentrestaurant.at\/rudolfsheim-fuenfhaus\/\"><strong>kent restaurant 1150<\/strong><\/a><\/p>\n\n\n\n<p><a href=\"https:\/\/kentrestaurant.at\/penzing\/\" data-type=\"link\" data-id=\"https:\/\/kentrestaurant.at\/penzing\/\"><strong>Kent Restaurant 1140<\/strong><\/a><\/p>\n\n\n\n<p><a href=\"https:\/\/kentrestaurant.at\/ottakring\/\" data-type=\"link\" data-id=\"https:\/\/kentrestaurant.at\/ottakring\/\"><strong>Kent Restaurant 1160<\/strong><\/a><\/p>\n\n\n\n<p><strong><a href=\"https:\/\/kentrestaurant.at\/brigittenau\/\" data-type=\"link\" data-id=\"https:\/\/kentrestaurant.at\/brigittenau\/\">Kent Restaurant 1200<\/a><\/strong><\/p>\n\n\n\n<p class=\"has-vivid-red-color has-text-color has-link-color wp-elements-3ae3bfe45b0944a220a43f56453ca65f\"><strong>T\u00fcrkis Restaurants<\/strong><\/p>\n\n\n\n<p><a href=\"https:\/\/tuerkis.at\/\" data-type=\"link\" data-id=\"https:\/\/tuerkis.at\/\"><strong>T\u00fcrkis Restaurant<\/strong> 1010<\/a><\/p>\n\n\n\n<p><a href=\"https:\/\/tuerkis.at\/\" data-type=\"link\" data-id=\"https:\/\/tuerkis.at\/\">T\u00fcrkis Restaurant 1060<\/a><\/p>\n\n\n\n<p><a href=\"https:\/\/tuerkis.at\/\" data-type=\"link\" data-id=\"https:\/\/tuerkis.at\/\">T\u00fcrkis Restaurant 1220<\/a><\/p>\n\n\n\n<p class=\"has-vivid-red-color has-text-color has-link-color has-large-font-size wp-elements-116ba464b38665028a6f75498b8a3d2a\"><strong>Persisch Iranisch  Restaurant <\/strong><\/p>\n\n\n\n<p><strong><a href=\"https:\/\/www.pars.at\/\" data-type=\"link\" data-id=\"https:\/\/www.pars.at\/\">Restaurant Pars<\/a><\/strong><\/p>\n\n\n\n<p>Lerchenfelder Str. 148, 1080 Wien<\/p>\n\n\n\n<p><\/p>\n\n\n\n<p><strong><a href=\"https:\/\/santoor.at\/\" data-type=\"link\" data-id=\"https:\/\/santoor.at\/\">Santoor  persisches Restaurant <\/a><\/strong><\/p>\n\n\n\n<p>Florianigasse 20, 1080 Wien<\/p>\n\n\n\n<p><\/p>\n\n\n\n<p><strong><a href=\"https:\/\/www.hafes.at\/\" data-type=\"link\" data-id=\"https:\/\/www.hafes.at\/\">Hafes Restaurant <\/a><\/strong><\/p>\n\n\n\n<p>Kaiserstra\u00dfe 98, 1070 Wien<\/p>\n\n\n\n<p><\/p>\n\n\n\n<p><strong><a href=\"https:\/\/www.hatam.at\/\" data-type=\"link\" data-id=\"https:\/\/www.hatam.at\/\">Hatam Restaurant  <\/a><\/strong><\/p>\n\n\n\n<p>W\u00e4hringer Str. 64, 1090 Wien<\/p>\n\n\n\n<p><strong><a href=\"http:\/\/apadana.at\/\" data-type=\"link\" data-id=\"http:\/\/apadana.at\/\">Restaurant Apadana<\/a><\/strong><\/p>\n\n\n\n<p>Hamburgerstra\u00dfe 1, 1050 Wien<\/p>\n\n\n\n<p><a href=\"https:\/\/meinkaufstadt.wien\/unternehmen\/678fc9a81276999f52cf728a\/restaurant-jas\">Restaurant Jas<\/a><\/p>\n\n\n\n<p><a href=\"https:\/\/www.google.com\/maps\/place\/\/data=!4m2!3m1!1s0x476da826e1b46d33:0xd981ff3a9d402377?sa=X&amp;ved=1t:8290&amp;ictx=111\">Br\u00fcckengasse 8A, 1060 Wien<\/a><\/p>\n\n\n\n<p class=\"has-vivid-red-color has-text-color has-link-color has-large-font-size wp-elements-a48d09126e98872c034d48cfbd015b81\"><strong>Indisch Restaurant <\/strong><\/p>\n\n\n\n<p><strong><a href=\"https:\/\/in-dish.at\/en\/\" data-type=\"link\" data-id=\"https:\/\/in-dish.at\/en\/\">IN-Dish Restaurant<\/a><\/strong><\/p>\n\n\n\n<p>Schwarzenbergstra\u00dfe 8 Vienna 1010<\/p>\n\n\n\n<p><\/p>\n\n\n\n<p><br><strong><a href=\"http:\/\/www.satraj.at\/\" data-type=\"link\" data-id=\"http:\/\/www.satraj.at\/\">Satraj &#8211; Indisches Restaurant <\/a><\/strong><\/p>\n\n\n\n<p>Landstra\u00dfer Hauptstra\u00dfe 147 Vienna 1030<\/p>\n\n\n\n<p><strong><a href=\"https:\/\/www.spiceofindia.at\/\" data-type=\"link\" data-id=\"https:\/\/www.spiceofindia.at\/\">Spice of India <\/a><\/strong><\/p>\n\n\n\n<p>Margaretenstra\u00dfe 49, Wien 1040<\/p>\n\n\n\n<p><\/p>\n\n\n\n<p><strong><a href=\"https:\/\/www.indien-village.at\/\" data-type=\"link\" data-id=\"https:\/\/www.indien-village.at\/\">Indien Village<\/a><\/strong><\/p>\n\n\n\n<p>Rockhgasse 3, Wien 1010<\/p>\n\n\n\n<p>Oriental Restaurant <\/p>\n\n\n\n<p>Italienisch Restaurant <\/p>\n\n\n\n<p><a href=\"https:\/\/www.salieri.at\/mittagsmenue\/\" data-type=\"link\" data-id=\"https:\/\/www.salieri.at\/mittagsmenue\/\">Salieri Ristorante<\/a><\/p>\n\n\n\n<p><a href=\"https:\/\/www.dacapo.co.at\/\" data-type=\"link\" data-id=\"https:\/\/www.dacapo.co.at\/\">Da Capo Pizzeria<\/a><\/p>\n\n\n\n<p><a href=\"https:\/\/www.cantinetta-antinori.at\/\" data-type=\"link\" data-id=\"https:\/\/www.cantinetta-antinori.at\/\">Cantinetta Antinori Vienna<\/a><\/p>\n\n\n\n<p><a href=\"https:\/\/www.alborgo.at\/de\/\" data-type=\"link\" data-id=\"https:\/\/www.alborgo.at\/de\/\">Restaurant Al Borgo<\/a><\/p>\n\n\n\n<p><a href=\"https:\/\/www.cantinetta-antinori.at\/\" data-type=\"link\" data-id=\"https:\/\/www.cantinetta-antinori.at\/\">Cantinetta Antinori\u00a0<\/a><\/p>\n\n\n\n<p><a href=\"https:\/\/www.settimocielo.at\/\" data-type=\"link\" data-id=\"https:\/\/www.settimocielo.at\/\">Ristorante Settimo Cielo<\/a><\/p>\n\n\n\n<p><a href=\"https:\/\/www.ilmelograno.at\/\" data-type=\"link\" data-id=\"https:\/\/www.ilmelograno.at\/\">Il Melograno Ristorante<\/a><\/p>\n\n\n\n<p><a href=\"https:\/\/www.ilpennello.at\/\" data-type=\"link\" data-id=\"https:\/\/www.ilpennello.at\/\">IL PENNELLO DOWNTOWN<\/a><\/p>\n","protected":false},"excerpt":{"rendered":"<p>Die besten \u00d6sterreicher Traditionelle Restaurant und International Spezialit\u00e4ten \u00d6sterreichischer Restaurant Huth Gastwirtschaft Lugeck Figlm\u00fcller Wien Restaurant Ofenloch Plachutta Wollzeile Plachuttas Gasthaus zur Oper Vestib\u00fcl Weibel&#8217;s Wirtshaus Gasthaus Zu den 3 Hacken. Zum Schwarzen Kameel Gasthaus Gr\u00fcnauer Restaurant Fuhrmann Meixners Gastwirtschaft Plachutta Hietzing Pichlmaiers zum Herkner Restaurant Eckel Pfarrwirt Restaurant Cafe Garden Marriott Parkring 12a Wien [&hellip;]<\/p>\n","protected":false},"author":2,"featured_media":0,"parent":0,"menu_order":0,"comment_status":"closed","ping_status":"closed","template":"","meta":{"footnotes":"[{\"id\":\"8d4ba6d5-e87f-49cb-8202-b25faa322f1d\",\"content\":\"\"}]"},"class_list":["post-93","page","type-page","status-publish","hentry"],"_links":{"self":[{"href":"https:\/\/conciergo.at\/index.php?rest_route=\/wp\/v2\/pages\/93","targetHints":{"allow":["GET"]}}],"collection":[{"href":"https:\/\/conciergo.at\/index.php?rest_route=\/wp\/v2\/pages"}],"about":[{"href":"https:\/\/conciergo.at\/index.php?rest_route=\/wp\/v2\/types\/page"}],"author":[{"embeddable":true,"href":"https:\/\/conciergo.at\/index.php?rest_route=\/wp\/v2\/users\/2"}],"replies":[{"embeddable":true,"href":"https:\/\/conciergo.at\/index.php?rest_route=%2Fwp%2Fv2%2Fcomments&post=93"}],"version-history":[{"count":32,"href":"https:\/\/conciergo.at\/index.php?rest_route=\/wp\/v2\/pages\/93\/revisions"}],"predecessor-version":[{"id":365,"href":"https:\/\/conciergo.at\/index.php?rest_route=\/wp\/v2\/pages\/93\/revisions\/365"}],"wp:attachment":[{"href":"https:\/\/conciergo.at\/index.php?rest_route=%2Fwp%2Fv2%2Fmedia&parent=93"}],"curies":[{"name":"wp","href":"https:\/\/api.w.org\/{rel}","templated":true}]}}